{"id":2,"date":"2018-10-12T13:48:29","date_gmt":"2018-10-12T11:48:29","guid":{"rendered":"http:\/\/christinevelan.com\/?page_id=2"},"modified":"2026-05-06T09:59:19","modified_gmt":"2026-05-06T07:59:19","slug":"page-d-exemple","status":"publish","type":"page","link":"https:\/\/christinevelan.com\/","title":{"rendered":"Christine Velan"},"content":{"rendered":"<div class=\"xfoto\">\n<div id=\"attachment_168\" style=\"width: 305px\" class=\"wp-caption alignleft\"><img loading=\"lazy\" decoding=\"async\" aria-describedby=\"caption-attachment-168\" class=\"wp-image-168\" src=\"https:\/\/christinevelan.com\/wp-content\/uploads\/2023\/01\/IMG_4104-200x300.jpg\" alt=\"Portr\u00e4t von Christine Velan. Fotograf: Hans-Joachim Richter\" width=\"295\" height=\"443\" srcset=\"https:\/\/christinevelan.com\/wp-content\/uploads\/2023\/01\/IMG_4104-200x300.jpg 200w, https:\/\/christinevelan.com\/wp-content\/uploads\/2023\/01\/IMG_4104-768x1152.jpg 768w, https:\/\/christinevelan.com\/wp-content\/uploads\/2023\/01\/IMG_4104-683x1024.jpg 683w, https:\/\/christinevelan.com\/wp-content\/uploads\/2023\/01\/IMG_4104-800x1200.jpg 800w\" sizes=\"auto, (max-width: 295px) 100vw, 295px\" \/><p id=\"caption-attachment-168\" class=\"wp-caption-text\">\u00a9 Jochen Richter<\/p><\/div>\n<\/div>\n<div class=\"xfoto\">\n<p>Christine Velan ist eine in Marseille geborene deutschsprachige Autorin.<\/p>\n<p>Aufgewachsen in Frankreich und Deutschland, studierte sie Germanistik und Theaterwissenschaft in M\u00fcnchen und Schauspiel am Max Reinhardt Seminar in Wien. Sie arbeitete sowohl als Schauspielerin f\u00fcr Theater, Film und Fernsehen als auch als Journalistin f\u00fcr u.a. Berliner Zeitung, Der Standard (\u00d6sterreich). <em><a href=\"https:\/\/christinevelan.com\/index.php\/2023\/01\/09\/der-blinde-fleck\/\">Der blinde Fleck<\/a><\/em> ist ihr erster ver\u00f6ffentlichter Roman (Braum\u00fcller Literatur Verlag Wien). Ihren zweiten Roman <em>Hier machen andere Urlaub<\/em> hat sie im Mai 2026 abgeschlossen.<\/p>\n<p><span style=\"font-size: revert;\">Christine Velan erhielt f\u00fcr ihre Theaterst\u00fccke <em>Gl\u00fcck unter Palmen<\/em>, <em>Free Speed<\/em> und <em>Taubenblau<\/em> Stipendien vom Bundesministerium f\u00fcr Unterricht, Kunst und Kultur \u00d6sterreich, f\u00fcr ihre Erz\u00e4hlungen den Wimberger Literaturpreis. Sie war Stipendiatin der Hermann Lenz Stiftung in M\u00fcnchen und Artist-in-Residence <\/span><span style=\"font-size: revert;\">der Paul Beckett Stiftung in Moja\u0301ca, Spanien.<\/span><\/p>\n<p><span style=\"font-size: revert;\">Sie lehrt Journalismus und kreatives Schreiben an den Grandes \u00c9coles in Paris und gibt f\u00fcr internationale F\u00fchrungskr\u00e4fte <\/span><span style=\"font-size: revert;\">Public Speaking- und Storytelling-Seminare.<\/span><\/p>\n<\/div>\n<div class=\"xtext\">\u00a0<\/div>\n\n\n<p><\/p>\n","protected":false},"excerpt":{"rendered":"<p>Christine Velan ist eine in Marseille geborene deutschsprachige Autorin. Aufgewachsen in Frankreich und Deutschland, studierte sie Germanistik und Theaterwissenschaft in M\u00fcnchen und Schauspiel am Max Reinhardt Seminar in Wien. Sie arbeitete sowohl als Schauspielerin f\u00fcr Theater, Film und Fernsehen als auch als Journalistin f\u00fcr u.a. Berliner Zeitung, Der Standard (\u00d6sterreich). Der blinde Fleck ist ihr [&hellip;]<\/p>\n","protected":false},"author":3,"featured_media":0,"parent":0,"menu_order":0,"comment_status":"closed","ping_status":"closed","template":"","meta":{"footnotes":""},"class_list":["post-2","page","type-page","status-publish","hentry","no-featured-image"],"_links":{"self":[{"href":"https:\/\/christinevelan.com\/index.php\/wp-json\/wp\/v2\/pages\/2","targetHints":{"allow":["GET"]}}],"collection":[{"href":"https:\/\/christinevelan.com\/index.php\/wp-json\/wp\/v2\/pages"}],"about":[{"href":"https:\/\/christinevelan.com\/index.php\/wp-json\/wp\/v2\/types\/page"}],"author":[{"embeddable":true,"href":"https:\/\/christinevelan.com\/index.php\/wp-json\/wp\/v2\/users\/3"}],"replies":[{"embeddable":true,"href":"https:\/\/christinevelan.com\/index.php\/wp-json\/wp\/v2\/comments?post=2"}],"version-history":[{"count":36,"href":"https:\/\/christinevelan.com\/index.php\/wp-json\/wp\/v2\/pages\/2\/revisions"}],"predecessor-version":[{"id":698,"href":"https:\/\/christinevelan.com\/index.php\/wp-json\/wp\/v2\/pages\/2\/revisions\/698"}],"wp:attachment":[{"href":"https:\/\/christinevelan.com\/index.php\/wp-json\/wp\/v2\/media?parent=2"}],"curies":[{"name":"wp","href":"https:\/\/api.w.org\/{rel}","templated":true}]}}