{"id":299,"date":"2023-01-23T16:58:09","date_gmt":"2023-01-23T15:58:09","guid":{"rendered":"http:\/\/christinevelan.com\/?page_id=299"},"modified":"2024-10-05T19:14:33","modified_gmt":"2024-10-05T17:14:33","slug":"romane","status":"publish","type":"page","link":"https:\/\/christinevelan.com\/index.php\/romane\/","title":{"rendered":"Romane"},"content":{"rendered":"\n<p><\/p>\n\n\n<ul class=\"wp-block-latest-posts__list wp-block-latest-posts\"><li><a class=\"wp-block-latest-posts__post-title\" href=\"https:\/\/christinevelan.com\/index.php\/2023\/01\/08\/hier-machen-andere-urlaub\/\">Hier machen andere Urlaub<\/a><div class=\"wp-block-latest-posts__post-excerpt\">Lou, eine Wiener \u00c4gyptologin, reist in die Provence, aber nicht, um dort Urlaub zu machen. Bald stellt sich heraus, dass sie zum Begr\u00e4bnis ihres franz\u00f6sischen Vaters, den sie \u00fcber 25 Jahre nicht gesehen hatte, muss und sich au\u00dferdem um seine Verlassenschaft zu k\u00fcmmern hat. Unerwartet erbt sie sein verwahrlostes Haus\u2026\u00a0<a class=\"wp-block-latest-posts__read-more\" href=\"https:\/\/christinevelan.com\/index.php\/2023\/01\/08\/hier-machen-andere-urlaub\/\" rel=\"noopener noreferrer\"><span class=\"screen-reader-text\">Hier machen andere Urlaub <\/span>weiterlesen<\/a><\/div><\/li>\n<li><a class=\"wp-block-latest-posts__post-title\" href=\"https:\/\/christinevelan.com\/index.php\/2023\/01\/09\/der-blinde-fleck\/\">Der blinde Fleck &#8211; Inhalt<\/a><div class=\"wp-block-latest-posts__post-excerpt\">Von einem Tag auf den anderen muss Louise ihre gewohnte Umgebung in Frankreich verlassen. Mit ihrer unter einer Augenkrankheit leidenden Mutter geht sie nach Deutschland. Das fremde Land, die neue Sprache und die Rituale des gro\u00dfb\u00fcrgerlichen, blitzblank aseptischen Arzthaushaltes der deutschen Gro\u00dfeltern werfen das entwurzelte Kind zur\u00fcck auf ihre einzige\u2026\u00a0<a class=\"wp-block-latest-posts__read-more\" href=\"https:\/\/christinevelan.com\/index.php\/2023\/01\/09\/der-blinde-fleck\/\" rel=\"noopener noreferrer\"><span class=\"screen-reader-text\">Der blinde Fleck &#8211; Inhalt <\/span>weiterlesen<\/a><\/div><\/li>\n<li><a class=\"wp-block-latest-posts__post-title\" href=\"https:\/\/christinevelan.com\/index.php\/2023\/01\/09\/der-blinde-fleck-radiosendung\/\">Der blinde Fleck &#8211; Radiosendung -H\u00f6rprobe<\/a><div class=\"wp-block-latest-posts__post-excerpt\">H\u00f6rprobe aufgenommen im Radiokulturhaus des ORF, gesendet am 9. September 2011 in der Sendung \u00d61\u00a0Beispiele.\nLesung von Daniela Golpashin.<\/div><\/li>\n<li><a class=\"wp-block-latest-posts__post-title\" href=\"https:\/\/christinevelan.com\/index.php\/2023\/03\/30\/der-blinde-fleck-leseprobe\/\">Der blinde Fleck &#8211; Romanbeginn &#8211; Leseprobe 1<\/a><div class=\"wp-block-latest-posts__post-excerpt\">Auf einmal stand meine Mutter in ihrem orangeroten Cape vor der Kirche. Sie hatte mich noch nie von der Schule abgeholt, sie war mir noch nie auf dem Weg nach Hause entgegen gekommen. In der schiefen, grauen Kirche hatte mein Vater zu Weihnachten betrunken \u201eTeufel, Teufel\u201c geschrien, und sie hatte\u2026\u00a0<a class=\"wp-block-latest-posts__read-more\" href=\"https:\/\/christinevelan.com\/index.php\/2023\/03\/30\/der-blinde-fleck-leseprobe\/\" rel=\"noopener noreferrer\"><span class=\"screen-reader-text\">Der blinde Fleck &#8211; Romanbeginn &#8211; Leseprobe 1 <\/span>weiterlesen<\/a><\/div><\/li>\n<li><a class=\"wp-block-latest-posts__post-title\" href=\"https:\/\/christinevelan.com\/index.php\/2023\/03\/30\/der-blinde-fleck-leseprobe-auszug-der-radiosendung\/\">Der blinde Fleck &#8211; Auszug der Radiosendung &#8211; Leseprobe 2<\/a><div class=\"wp-block-latest-posts__post-excerpt\">Meine Mutter verletzte sich t\u00e4glich. Die Ecken und Kanten der neuen Wohnung waren ihr noch nicht vertraut, oft stie\u00df sie sich an scharfen Schreib- und K\u00fcchentischkanten, an spitzen Schuh- und Badezimmerschrankecken, manchmal lief sie gegen offene T\u00fcren und Schr\u00e4nke. Auf ihrem K\u00f6rper zeichneten sich Kratzer, Flecken, Schrammen und Bluterg\u00fcsse ab,\u2026\u00a0<a class=\"wp-block-latest-posts__read-more\" href=\"https:\/\/christinevelan.com\/index.php\/2023\/03\/30\/der-blinde-fleck-leseprobe-auszug-der-radiosendung\/\" rel=\"noopener noreferrer\"><span class=\"screen-reader-text\">Der blinde Fleck &#8211; Auszug der Radiosendung &#8211; Leseprobe 2 <\/span>weiterlesen<\/a><\/div><\/li>\n<\/ul>","protected":false},"excerpt":{"rendered":"","protected":false},"author":1,"featured_media":0,"parent":0,"menu_order":0,"comment_status":"closed","ping_status":"closed","template":"","meta":{"footnotes":""},"class_list":["post-299","page","type-page","status-publish","hentry","no-featured-image"],"_links":{"self":[{"href":"https:\/\/christinevelan.com\/index.php\/wp-json\/wp\/v2\/pages\/299","targetHints":{"allow":["GET"]}}],"collection":[{"href":"https:\/\/christinevelan.com\/index.php\/wp-json\/wp\/v2\/pages"}],"about":[{"href":"https:\/\/christinevelan.com\/index.php\/wp-json\/wp\/v2\/types\/page"}],"author":[{"embeddable":true,"href":"https:\/\/christinevelan.com\/index.php\/wp-json\/wp\/v2\/users\/1"}],"replies":[{"embeddable":true,"href":"https:\/\/christinevelan.com\/index.php\/wp-json\/wp\/v2\/comments?post=299"}],"version-history":[{"count":13,"href":"https:\/\/christinevelan.com\/index.php\/wp-json\/wp\/v2\/pages\/299\/revisions"}],"predecessor-version":[{"id":680,"href":"https:\/\/christinevelan.com\/index.php\/wp-json\/wp\/v2\/pages\/299\/revisions\/680"}],"wp:attachment":[{"href":"https:\/\/christinevelan.com\/index.php\/wp-json\/wp\/v2\/media?parent=299"}],"curies":[{"name":"wp","href":"https:\/\/api.w.org\/{rel}","templated":true}]}}