{"id":308,"date":"2023-01-23T17:15:08","date_gmt":"2023-01-23T16:15:08","guid":{"rendered":"http:\/\/christinevelan.com\/?page_id=308"},"modified":"2024-10-05T15:27:55","modified_gmt":"2024-10-05T13:27:55","slug":"artikel","status":"publish","type":"page","link":"https:\/\/christinevelan.com\/index.php\/artikel\/","title":{"rendered":"Artikel"},"content":{"rendered":"<ul class=\"wp-block-latest-posts__list wp-block-latest-posts\"><li><div class=\"wp-block-latest-posts__featured-image alignleft\"><img loading=\"lazy\" decoding=\"async\" width=\"300\" height=\"169\" src=\"https:\/\/christinevelan.com\/wp-content\/uploads\/2023\/01\/IMG_4782-scaled-e1680550455869-300x169.jpeg\" class=\"attachment-medium size-medium wp-post-image\" alt=\"\" style=\"\" srcset=\"https:\/\/christinevelan.com\/wp-content\/uploads\/2023\/01\/IMG_4782-scaled-e1680550455869-300x169.jpeg 300w, https:\/\/christinevelan.com\/wp-content\/uploads\/2023\/01\/IMG_4782-scaled-e1680550455869.jpeg 502w\" sizes=\"auto, (max-width: 300px) 100vw, 300px\" \/><\/div><a class=\"wp-block-latest-posts__post-title\" href=\"https:\/\/christinevelan.com\/index.php\/2023\/01\/23\/das-gesicht-der-stradivari\/\">Das Gesicht der Stradivari &#8211; Portr\u00e4t &#8211; Berliner Zeitung<\/a><div class=\"wp-block-latest-posts__post-excerpt\">Im Pariser achten Arrondissement fanden Isaac Stern, Yehudi Menuhin und David Oistrach einen diskreten Geigenbauer, der ihnen den Ton ihrer Tr\u00e4ume erf\u00fcllte: Etienne Vatelot Als Holzw\u00fcrmer sich durch ein Stradivari-Cello der Berliner Philharmoniker gefressen hatten, brachte man es zu Etienne Vatelot nach Paris. Das Instrument blieb zweieinhalb Jahre lang in seiner Werkstatt. Monsieur Vatelot erinnert\u2026\u00a0<a class=\"wp-block-latest-posts__read-more\" href=\"https:\/\/christinevelan.com\/index.php\/2023\/01\/23\/das-gesicht-der-stradivari\/\" rel=\"noopener noreferrer\"><span class=\"screen-reader-text\">Das Gesicht der Stradivari &#8211; Portr\u00e4t &#8211; Berliner Zeitung <\/span>weiterlesen<\/a><\/div><\/li>\n<li><div class=\"wp-block-latest-posts__featured-image alignleft\"><img loading=\"lazy\" decoding=\"async\" width=\"300\" height=\"188\" src=\"https:\/\/christinevelan.com\/wp-content\/uploads\/2023\/01\/Toutes-les-photos-1-sur-1-300x188.jpeg\" class=\"attachment-medium size-medium wp-post-image\" alt=\"\" style=\"\" srcset=\"https:\/\/christinevelan.com\/wp-content\/uploads\/2023\/01\/Toutes-les-photos-1-sur-1-300x188.jpeg 300w, https:\/\/christinevelan.com\/wp-content\/uploads\/2023\/01\/Toutes-les-photos-1-sur-1.jpeg 640w\" sizes=\"auto, (max-width: 300px) 100vw, 300px\" \/><\/div><a class=\"wp-block-latest-posts__post-title\" href=\"https:\/\/christinevelan.com\/index.php\/2023\/01\/23\/die-dritte-luge\/\">Die dritte L\u00fcge &#8211; Portr\u00e4t &#8211; Berliner Zeitung<\/a><div class=\"wp-block-latest-posts__post-excerpt\">Nachdem der ungarische Aufstand 1956 von den Russen niedergeschlagen worden war, verlie\u00dfen Agota Kristof und ihr damaliger Mann, so wie zweihunderttausend andere Landsleute, die Heimat. &#8222;Ich hatte eine sehr gl\u00fcckliche Kindheit, aber nach dem Krieg war es furchtbar. Wir lebten in einer wirklich unglaublichen Armut.&#8220; <\/div><\/li>\n<li><div class=\"wp-block-latest-posts__featured-image alignleft\"><img loading=\"lazy\" decoding=\"async\" width=\"300\" height=\"169\" src=\"https:\/\/christinevelan.com\/wp-content\/uploads\/2023\/01\/IMG_4785-1-scaled-e1680550218754-300x169.jpeg\" class=\"attachment-medium size-medium wp-post-image\" alt=\"\" style=\"\" srcset=\"https:\/\/christinevelan.com\/wp-content\/uploads\/2023\/01\/IMG_4785-1-scaled-e1680550218754-300x169.jpeg 300w, https:\/\/christinevelan.com\/wp-content\/uploads\/2023\/01\/IMG_4785-1-scaled-e1680550218754-1024x576.jpeg 1024w, https:\/\/christinevelan.com\/wp-content\/uploads\/2023\/01\/IMG_4785-1-scaled-e1680550218754-768x432.jpeg 768w, https:\/\/christinevelan.com\/wp-content\/uploads\/2023\/01\/IMG_4785-1-scaled-e1680550218754-1536x864.jpeg 1536w, https:\/\/christinevelan.com\/wp-content\/uploads\/2023\/01\/IMG_4785-1-scaled-e1680550218754-2048x1152.jpeg 2048w, https:\/\/christinevelan.com\/wp-content\/uploads\/2023\/01\/IMG_4785-1-scaled-e1680550218754-800x450.jpeg 800w\" sizes=\"auto, (max-width: 300px) 100vw, 300px\" \/><\/div><a class=\"wp-block-latest-posts__post-title\" href=\"https:\/\/christinevelan.com\/index.php\/2023\/01\/23\/kunst-und-kuhe\/\">Kunst und K\u00fche &#8211; Portr\u00e4t &#8211; Berliner Zeitung<\/a><div class=\"wp-block-latest-posts__post-excerpt\">Der Jerusalemer Maler Jacob Pins \u00fcber seine Kindheit in Deutschland und seine obsessive Liebe zum japanischen Pfostenbild Asiatische, kegelf\u00f6rmige Lampen aus hellem Reispapier h\u00e4ngen von der Decke. T\u00fcren sind flaschengr\u00fcn gestrichen, Sessel altrosa bezogen, Teppiche reich an Ornamenten. In allen Nischen des weitl\u00e4ufigen Wohnzimmers stehen goldgl\u00e4nzende Buddhastatuen und&nbsp;schwere, steinerne Buddhak\u00f6pfe. Eine philippinische Haush\u00e4lterin geht auf\u2026\u00a0<a class=\"wp-block-latest-posts__read-more\" href=\"https:\/\/christinevelan.com\/index.php\/2023\/01\/23\/kunst-und-kuhe\/\" rel=\"noopener noreferrer\"><span class=\"screen-reader-text\">Kunst und K\u00fche &#8211; Portr\u00e4t &#8211; Berliner Zeitung <\/span>weiterlesen<\/a><\/div><\/li>\n<li><div class=\"wp-block-latest-posts__featured-image alignleft\"><img loading=\"lazy\" decoding=\"async\" width=\"300\" height=\"180\" src=\"https:\/\/christinevelan.com\/wp-content\/uploads\/2023\/01\/IMG_4791-scaled-e1674667329960-300x180.jpeg\" class=\"attachment-medium size-medium wp-post-image\" alt=\"\" style=\"\" srcset=\"https:\/\/christinevelan.com\/wp-content\/uploads\/2023\/01\/IMG_4791-scaled-e1674667329960-300x180.jpeg 300w, https:\/\/christinevelan.com\/wp-content\/uploads\/2023\/01\/IMG_4791-scaled-e1674667329960-1024x616.jpeg 1024w, https:\/\/christinevelan.com\/wp-content\/uploads\/2023\/01\/IMG_4791-scaled-e1674667329960-768x462.jpeg 768w, https:\/\/christinevelan.com\/wp-content\/uploads\/2023\/01\/IMG_4791-scaled-e1674667329960-800x481.jpeg 800w, https:\/\/christinevelan.com\/wp-content\/uploads\/2023\/01\/IMG_4791-scaled-e1674667329960.jpeg 1394w\" sizes=\"auto, (max-width: 300px) 100vw, 300px\" \/><\/div><a class=\"wp-block-latest-posts__post-title\" href=\"https:\/\/christinevelan.com\/index.php\/2023\/01\/15\/das-gesetz-der-rache\/\">Das Gesetz der Rache<\/a><div class=\"wp-block-latest-posts__post-excerpt\">Der Schriftsteller und Filmemacher Atiq Rahimi \u00fcber eine R\u00fcckkehr nach Afghanistan, den ewigen Kreislauf der Trag\u00f6dien seines Volkes und ein Leben mit verschiedenen Kulturen Atiq Rahimi verabredete sich mit mir im Caf\u00e9 Select, einem schicken, dennoch nicht snobistischen Pariser Intellektuellen-Treffpunkt. Als wir w\u00e4hrend des Interviews gerade \u00fcber den letzten Krieg sprachen, verirrte sich eine Taube\u2026\u00a0<a class=\"wp-block-latest-posts__read-more\" href=\"https:\/\/christinevelan.com\/index.php\/2023\/01\/15\/das-gesetz-der-rache\/\" rel=\"noopener noreferrer\"><span class=\"screen-reader-text\">Das Gesetz der Rache <\/span>weiterlesen<\/a><\/div><\/li>\n<li><div class=\"wp-block-latest-posts__featured-image alignleft\"><img loading=\"lazy\" decoding=\"async\" width=\"300\" height=\"159\" src=\"https:\/\/christinevelan.com\/wp-content\/uploads\/2023\/01\/IMG_4800-1-300x159.jpeg\" class=\"attachment-medium size-medium wp-post-image\" alt=\"\" style=\"\" srcset=\"https:\/\/christinevelan.com\/wp-content\/uploads\/2023\/01\/IMG_4800-1-300x159.jpeg 300w, https:\/\/christinevelan.com\/wp-content\/uploads\/2023\/01\/IMG_4800-1-1024x544.jpeg 1024w, https:\/\/christinevelan.com\/wp-content\/uploads\/2023\/01\/IMG_4800-1-768x408.jpeg 768w, https:\/\/christinevelan.com\/wp-content\/uploads\/2023\/01\/IMG_4800-1-1536x816.jpeg 1536w, https:\/\/christinevelan.com\/wp-content\/uploads\/2023\/01\/IMG_4800-1-2048x1087.jpeg 2048w, https:\/\/christinevelan.com\/wp-content\/uploads\/2023\/01\/IMG_4800-1-800x425.jpeg 800w\" sizes=\"auto, (max-width: 300px) 100vw, 300px\" \/><\/div><a class=\"wp-block-latest-posts__post-title\" href=\"https:\/\/christinevelan.com\/index.php\/2023\/01\/15\/j-wie-josephine\/\">J wie Josephine<\/a><div class=\"wp-block-latest-posts__post-excerpt\">Brian Baker, eines der zw\u00f6lf Adoptivkinder der legend\u00e4ren T\u00e4nzerin und S\u00e4ngerin Josephine Baker, \u00fcber das Leben im Schloss, im Hotel und die Tr\u00e4ume seiner Mutter Das H\u00f4tel Scribe in Paris ist ein geschichtstr\u00e4chtiger Ort: Die Lumi\u00e8re-Br\u00fcder veranstalteten hier 1895 die erste \u00f6ffentliche Filmvorf\u00fchrung. Ein Jahr sp\u00e4ter stellte Wilhelm Conrad R\u00f6ntgen seine Entdeckung der X-Strahlen vor,\u2026\u00a0<a class=\"wp-block-latest-posts__read-more\" href=\"https:\/\/christinevelan.com\/index.php\/2023\/01\/15\/j-wie-josephine\/\" rel=\"noopener noreferrer\"><span class=\"screen-reader-text\">J wie Josephine <\/span>weiterlesen<\/a><\/div><\/li>\n<li><a class=\"wp-block-latest-posts__post-title\" href=\"https:\/\/christinevelan.com\/index.php\/2023\/01\/15\/der-peter-pan-komplex-gesprach-mit-michel-onfray-uber-den-franzosischen-prasidenten-nicolas-sarkozy\/\">Der Peter-Pan- Komplex, Gespr\u00e4ch mit Michel Onfray \u00fcber den franz\u00f6sischen Pr\u00e4sidenten Nicolas Sarkozy<\/a><div class=\"wp-block-latest-posts__post-excerpt\">Der franz\u00f6sische Philosoph Michel Onfray h\u00e4lt Pr\u00e4sident Sarkozy f\u00fcr ein schlecht erzogenes Kind, das nie erwachsen geworden ist. Ein Gespr\u00e4ch \u00fcber den Spielzeugladen der Republik: Der Peter-Pan-Komplex Monsieur Onfray, Frankreich scheint in einem auffallenden Spannungsverh\u00e4ltnis zu stehen: Es wird gestreikt und demonstriert, w\u00e4hrend im Elys\u00e9e-Palast ein Pr\u00e4sident versucht, die &#8222;Grande Nation&#8220; glorreich zu verk\u00f6rpern. Leidet\u2026\u00a0<a class=\"wp-block-latest-posts__read-more\" href=\"https:\/\/christinevelan.com\/index.php\/2023\/01\/15\/der-peter-pan-komplex-gesprach-mit-michel-onfray-uber-den-franzosischen-prasidenten-nicolas-sarkozy\/\" rel=\"noopener noreferrer\"><span class=\"screen-reader-text\">Der Peter-Pan- Komplex, Gespr\u00e4ch mit Michel Onfray \u00fcber den franz\u00f6sischen Pr\u00e4sidenten Nicolas Sarkozy <\/span>weiterlesen<\/a><\/div><\/li>\n<li><div class=\"wp-block-latest-posts__featured-image alignleft\"><img loading=\"lazy\" decoding=\"async\" width=\"300\" height=\"163\" src=\"https:\/\/christinevelan.com\/wp-content\/uploads\/2023\/01\/IMG_4796-1-scaled-e1674667624954-300x163.jpeg\" class=\"attachment-medium size-medium wp-post-image\" alt=\"\" style=\"\" srcset=\"https:\/\/christinevelan.com\/wp-content\/uploads\/2023\/01\/IMG_4796-1-scaled-e1674667624954-300x163.jpeg 300w, https:\/\/christinevelan.com\/wp-content\/uploads\/2023\/01\/IMG_4796-1-scaled-e1674667624954-1024x555.jpeg 1024w, https:\/\/christinevelan.com\/wp-content\/uploads\/2023\/01\/IMG_4796-1-scaled-e1674667624954-768x416.jpeg 768w, https:\/\/christinevelan.com\/wp-content\/uploads\/2023\/01\/IMG_4796-1-scaled-e1674667624954-1536x833.jpeg 1536w, https:\/\/christinevelan.com\/wp-content\/uploads\/2023\/01\/IMG_4796-1-scaled-e1674667624954-2048x1110.jpeg 2048w, https:\/\/christinevelan.com\/wp-content\/uploads\/2023\/01\/IMG_4796-1-scaled-e1674667624954-800x434.jpeg 800w\" sizes=\"auto, (max-width: 300px) 100vw, 300px\" \/><\/div><a class=\"wp-block-latest-posts__post-title\" href=\"https:\/\/christinevelan.com\/index.php\/2023\/01\/09\/die-esel-und-die-stiere\/\">Die Esel und die Stiere &#8211; Interview &#8211; Berliner Zeitung<\/a><div class=\"wp-block-latest-posts__post-excerpt\">David McNeil \u00fcber die Kindheit mit seinem Vater Marc Chagall, die Decke der Pariser Oper und das schwierige Verh\u00e4ltnis seines Vaters zu Picasso<\/div><\/li>\n<li><div class=\"wp-block-latest-posts__featured-image alignleft\"><img loading=\"lazy\" decoding=\"async\" width=\"268\" height=\"300\" src=\"https:\/\/christinevelan.com\/wp-content\/uploads\/2023\/01\/IMG_4787-268x300.jpeg\" class=\"attachment-medium size-medium wp-post-image\" alt=\"\" style=\"\" srcset=\"https:\/\/christinevelan.com\/wp-content\/uploads\/2023\/01\/IMG_4787-268x300.jpeg 268w, https:\/\/christinevelan.com\/wp-content\/uploads\/2023\/01\/IMG_4787-914x1024.jpeg 914w, https:\/\/christinevelan.com\/wp-content\/uploads\/2023\/01\/IMG_4787-768x860.jpeg 768w, https:\/\/christinevelan.com\/wp-content\/uploads\/2023\/01\/IMG_4787-1371x1536.jpeg 1371w, https:\/\/christinevelan.com\/wp-content\/uploads\/2023\/01\/IMG_4787-800x896.jpeg 800w, https:\/\/christinevelan.com\/wp-content\/uploads\/2023\/01\/IMG_4787.jpeg 1432w\" sizes=\"auto, (max-width: 268px) 100vw, 268px\" \/><\/div><a class=\"wp-block-latest-posts__post-title\" href=\"https:\/\/christinevelan.com\/index.php\/2022\/01\/23\/das-kranke-spiel-mit-der-sehnsucht\/\">Das kranke Spiel mit der Sehnsucht &#8211; Interview &#8211; Berliner Zeitung<\/a><div class=\"wp-block-latest-posts__post-excerpt\">Mit einem Enth\u00fcllungsroman greift der Pariser Schriftsteller Fr\u00e9d\u00e9ric Beigbeder die Werbeindustrie an, das Buch wurde zum Bestseller. Ein Gespr\u00e4ch.<\/div><\/li>\n<li><div class=\"wp-block-latest-posts__featured-image alignleft\"><img loading=\"lazy\" decoding=\"async\" width=\"224\" height=\"300\" src=\"https:\/\/christinevelan.com\/wp-content\/uploads\/2023\/01\/BHL4-224x300.jpg\" class=\"attachment-medium size-medium wp-post-image\" alt=\"\" style=\"\" srcset=\"https:\/\/christinevelan.com\/wp-content\/uploads\/2023\/01\/BHL4-224x300.jpg 224w, https:\/\/christinevelan.com\/wp-content\/uploads\/2023\/01\/BHL4.jpg 764w\" sizes=\"auto, (max-width: 224px) 100vw, 224px\" \/><\/div><a class=\"wp-block-latest-posts__post-title\" href=\"https:\/\/christinevelan.com\/index.php\/2018\/11\/22\/presseartikel-1\/\">Die Mafia der heiligen Krieger<\/a><div class=\"wp-block-latest-posts__post-excerpt\">Interview, Berliner Zeitung\nFrankreichs Starphilosoph Bernard-Henri L\u00e9vy \u00fcber den Mord an dem Reporter Daniel Pearl, den Djihad als Business und die Verstrickungen der Atommacht Pakistan<\/div><\/li>\n<\/ul>","protected":false},"excerpt":{"rendered":"","protected":false},"author":1,"featured_media":0,"parent":0,"menu_order":0,"comment_status":"closed","ping_status":"closed","template":"","meta":{"footnotes":""},"class_list":["post-308","page","type-page","status-publish","hentry","no-featured-image"],"_links":{"self":[{"href":"https:\/\/christinevelan.com\/index.php\/wp-json\/wp\/v2\/pages\/308","targetHints":{"allow":["GET"]}}],"collection":[{"href":"https:\/\/christinevelan.com\/index.php\/wp-json\/wp\/v2\/pages"}],"about":[{"href":"https:\/\/christinevelan.com\/index.php\/wp-json\/wp\/v2\/types\/page"}],"author":[{"embeddable":true,"href":"https:\/\/christinevelan.com\/index.php\/wp-json\/wp\/v2\/users\/1"}],"replies":[{"embeddable":true,"href":"https:\/\/christinevelan.com\/index.php\/wp-json\/wp\/v2\/comments?post=308"}],"version-history":[{"count":7,"href":"https:\/\/christinevelan.com\/index.php\/wp-json\/wp\/v2\/pages\/308\/revisions"}],"predecessor-version":[{"id":390,"href":"https:\/\/christinevelan.com\/index.php\/wp-json\/wp\/v2\/pages\/308\/revisions\/390"}],"wp:attachment":[{"href":"https:\/\/christinevelan.com\/index.php\/wp-json\/wp\/v2\/media?parent=308"}],"curies":[{"name":"wp","href":"https:\/\/api.w.org\/{rel}","templated":true}]}}