{"id":316,"date":"2023-01-23T17:23:38","date_gmt":"2023-01-23T16:23:38","guid":{"rendered":"http:\/\/christinevelan.com\/?page_id=316"},"modified":"2023-04-03T23:25:58","modified_gmt":"2023-04-03T21:25:58","slug":"theater","status":"publish","type":"page","link":"https:\/\/christinevelan.com\/index.php\/theater\/","title":{"rendered":"Theater"},"content":{"rendered":"<ul class=\"wp-block-latest-posts__list wp-block-latest-posts\"><li><div class=\"wp-block-latest-posts__featured-image alignleft\"><img loading=\"lazy\" decoding=\"async\" width=\"150\" height=\"150\" src=\"https:\/\/christinevelan.com\/wp-content\/uploads\/2023\/01\/BA9A4F3A-9C9C-4638-BD88-2E057F6D3345_1_201_a-150x150.jpeg\" class=\"attachment-thumbnail size-thumbnail wp-post-image\" alt=\"\" style=\"\" \/><\/div><a class=\"wp-block-latest-posts__post-title\" href=\"https:\/\/christinevelan.com\/index.php\/2023\/01\/22\/free-speed\/\">Free Speed &#8211; eine Tragikom\u00f6die<\/a><div class=\"wp-block-latest-posts__post-excerpt\">Lillian, die in einer Sprechkabine sitzt und auf all das als das verk\u00f6rperte Auto reagieren muss, ist ein Mensch und kein Computer. Piet, der das Werbeprogramm v\u00f6llig verinnerlicht hat, ist den Anforderungen letzten Endes aber nicht gewachsen. Er bricht zusammen. Lillian wird immer motorischer, reagiert nur mehr wie ein Computer. Brave new world?<\/div><\/li>\n<li><div class=\"wp-block-latest-posts__featured-image alignleft\"><img loading=\"lazy\" decoding=\"async\" width=\"150\" height=\"150\" src=\"https:\/\/christinevelan.com\/wp-content\/uploads\/2018\/11\/DSC_1131-copie-e1680542990795-150x150.jpg\" class=\"attachment-thumbnail size-thumbnail wp-post-image\" alt=\"\" style=\"\" \/><\/div><a class=\"wp-block-latest-posts__post-title\" href=\"https:\/\/christinevelan.com\/index.php\/2022\/03\/29\/taubenblau-2\/\">Taubenblau &#8211; eine Tragikom\u00f6die<\/a><div class=\"wp-block-latest-posts__post-excerpt\">Ein im Botschaftsmillieu angesiedeltes Theaterst\u00fcck, das die Widerspr\u00fcchlichkeiten dieses Umfelds thematisiert. Es stellt dem diplomatischen Schein des Botschafters das exaltierte, politisch inkorrekte Verhalten seiner Gattin gegen\u00fcber.<\/div><\/li>\n<li><a class=\"wp-block-latest-posts__post-title\" href=\"https:\/\/christinevelan.com\/index.php\/2021\/03\/29\/gluck-unter-palmen\/\">Gl\u00fcck unter Palmen &#8211; eine Tragikom\u00f6die<\/a><div class=\"wp-block-latest-posts__post-excerpt\">Magda hat ihr Leben fest im griff. Raumsprays und mannshohe Palmen-imitate verwandeln selbst eine vergilbte Einzimmerwohnung mitten im Industriegebiet in ein stattliches Eigenheim. Dass ihr Sohn die Samenspende verweigert und sich auf seiner Matratze herumlungernd dem gemeinsamen Lebensgl\u00fcck verschlie\u00dft, kann sie ebensowenig betr\u00fcben wie die Tatsache, dass die Haupteinnahmequelle der Familie, das Spenden von Blutplasma, allm\u00e4hlich an den k\u00f6rperlichen Substanzen zehrt. Erst als ihre Tochter Barbie, Testerin von Instantsuppen, mit einem Organmakler durchbrennt, droht das famili\u00e4re Gef\u00fcge ins Wanken zu geraten.<\/div><\/li>\n<\/ul>","protected":false},"excerpt":{"rendered":"","protected":false},"author":1,"featured_media":0,"parent":0,"menu_order":0,"comment_status":"closed","ping_status":"closed","template":"","meta":{"footnotes":""},"class_list":["post-316","page","type-page","status-publish","hentry","no-featured-image"],"_links":{"self":[{"href":"https:\/\/christinevelan.com\/index.php\/wp-json\/wp\/v2\/pages\/316","targetHints":{"allow":["GET"]}}],"collection":[{"href":"https:\/\/christinevelan.com\/index.php\/wp-json\/wp\/v2\/pages"}],"about":[{"href":"https:\/\/christinevelan.com\/index.php\/wp-json\/wp\/v2\/types\/page"}],"author":[{"embeddable":true,"href":"https:\/\/christinevelan.com\/index.php\/wp-json\/wp\/v2\/users\/1"}],"replies":[{"embeddable":true,"href":"https:\/\/christinevelan.com\/index.php\/wp-json\/wp\/v2\/comments?post=316"}],"version-history":[{"count":2,"href":"https:\/\/christinevelan.com\/index.php\/wp-json\/wp\/v2\/pages\/316\/revisions"}],"predecessor-version":[{"id":323,"href":"https:\/\/christinevelan.com\/index.php\/wp-json\/wp\/v2\/pages\/316\/revisions\/323"}],"wp:attachment":[{"href":"https:\/\/christinevelan.com\/index.php\/wp-json\/wp\/v2\/media?parent=316"}],"curies":[{"name":"wp","href":"https:\/\/api.w.org\/{rel}","templated":true}]}}