{"id":75,"date":"2018-11-22T21:44:50","date_gmt":"2018-11-22T20:44:50","guid":{"rendered":"http:\/\/christinevelan.com\/?page_id=75"},"modified":"2024-10-05T19:25:23","modified_gmt":"2024-10-05T17:25:23","slug":"vita","status":"publish","type":"page","link":"https:\/\/christinevelan.com\/index.php\/vita\/","title":{"rendered":"Vita"},"content":{"rendered":"\n<p>geboren in Marseille, aufgewachsen in Frankreich und Deutschland <\/p>\n\n\n\n<h2 class=\"wp-block-heading\">Studium \/ Ausbildung<\/h2>\n\n\n\n<p><a rel=\"noreferrer noopener\" href=\"https:\/\/www.lmu.de\/de\/index.html\" target=\"_blank\">Ludwig-Maximilians-Universit\u00e4t<\/a>, Studium der Germanistik (Literatur, Medi\u00e4vistik, Linguistik), Theater- und Kommunikationswissenschaften, M\u00fcnchen<br><a rel=\"noreferrer noopener\" href=\"https:\/\/www.lexpress.fr\/\" target=\"_blank\">L\u2019Express<\/a>, Praktikum, Paris<br>Magister Artium, Diplomarbeit: \u201eRobert Walser, das Prinzip des Dienens\u201c<br><a rel=\"noreferrer noopener\" href=\"https:\/\/www.maxreinhardtseminar.at\/\" target=\"_blank\">Max Reinhardt Theater, <\/a>Schauspielstudium, Hochschule f\u00fcr Musik und darstellende Kunst, Wien<br><a rel=\"noreferrer noopener\" href=\"https:\/\/mxat.ru\/english\/\" target=\"_blank\">Mchat Theater<\/a>, Meisterklasse von Oleg Tabakov, Moskau<br><a rel=\"noreferrer noopener\" href=\"https:\/\/www.uni-mozarteum.at\/de\/\" target=\"_blank\">Mozarteum<\/a>, Schauspielstudium, Hochschule f\u00fcr Musik und darstellende Kunst, Salzburg<\/p>\n\n\n\n<h2 class=\"wp-block-heading\"><strong>Berufserfahrung<\/strong><\/h2>\n\n\n\n<p>Seit 2019 Lehrbeauftragte an der &nbsp;<a rel=\"noreferrer noopener\" href=\"https:\/\/www.minesparis.psl.eu\/Ecole\" data-type=\"URL\" data-id=\"https:\/\/www.minesparis.psl.eu\/Ecole\" target=\"_blank\">\u00c9cole nationale sup\u00e9rieure des Mines de Paris&nbsp;<\/a><\/p>\n\n\n\n<p>Seit 2009 Lehrbeauftragte an der Grande Ecole <a rel=\"noreferrer noopener\" href=\"https:\/\/www.ip-paris.fr\/\" target=\"_blank\">Polytechnique Paris<\/a><br>&#8211; Journalismus in Deutschland, Kreatives Schreiben, Theateratelier: Entwicklung und Inszenierung von Theaterst\u00fccken wie <em>Mafia f\u00fcr Dummies<\/em>, <em>Plus belle la Mord<\/em>, <em>M wie M\u00e4rchen, Carla-Kochen-Zwerge<\/em><\/p>\n\n\n\n<p>Seit 2010 Jurorin f\u00fcr die Zulassungspr\u00fcfung der Grande Ecole <a rel=\"noreferrer noopener\" href=\"https:\/\/www.essec.edu\/fr\/\" target=\"_blank\">ESSEC<\/a> (\u00c9cole Sup\u00e9rieure des Sciences \u00c9conomiques et Commerciales) Paris<\/p>\n\n\n\n<p>2004-2009 Lehrbeauftragte an der Grande Ecole <a rel=\"noreferrer noopener\" href=\"https:\/\/www.hec.edu\/fr\" target=\"_blank\">HEC<\/a> (\u00c9cole des hautes \u00e9tudes commerciales) Paris<br>&#8211; Journalismus in Deutschland, Aktuelles deutsches Theater, Theateratelier<br>Regie der Inszenierungen: <a rel=\"noreferrer noopener\" href=\"https:\/\/christinevelan.com\/wp-content\/uploads\/2023\/03\/IMG_5949-scaled.jpeg\" target=\"_blank\">Kasimir und Karoline<\/a> von \u00d6d\u00f6n von Horv\u00e1th, <em>Sketche<\/em> von Loriot, <em>Stella<\/em> von J.W. von Goethe, <em>Die Frau von fr\u00fcher<\/em> von Roland Schimmelpfennig,  <em>Klaras Verh\u00e4ltnisse <\/em>von Dea Loher, <em>Taubenblau<\/em> von Christine Velan<\/p>\n\n\n\n<h2 class=\"wp-block-heading\">Autoren-Stipendien \/ Preise<\/h2>\n\n\n\n<p>Aufenthaltsstipendium der <a href=\"https:\/\/hermann-lenz-stiftung.de\/\" data-type=\"URL\" target=\"_blank\" rel=\"noreferrer noopener\">Hermann Lenz Stiftung<\/a> M\u00fcnchen M\u00e4rz-Mai 2020<br>Wimberger Literaturpreis Wien 2007 (Jury-Vorsitzender Andreas Beck)<br>Arbeitsstipendien vom \u00d6sterreichischen Bundesministerium f\u00fcr Kunst u. Kultur 2001-2005, 2007-2014 <br>Artist-in-Residence, <a rel=\"noreferrer noopener\" href=\"https:\/\/www.fundacionvalparaiso.com\/\" target=\"_blank\">Valparaiso Paul Beckett Stiftung<\/a> Moj\u00e1ca, Spanien 2005<br>Reisestipedium vom Bundeskanzleramt \u00d6sterreich &#8211; Abteilung Kunst, Recherche in Vietnam &amp; Thailand 1998 <br>Dramatikerstipendium vom \u00d6sterreichischen Bundesministerium f\u00fcr Kunst und Kultur, 1997 und 1995 <br>Nachwuchsdramatikerstipendium vom \u00d6sterreichischen Bundesministerium f\u00fcr Kunst und Kultur, 1993<\/p>\n\n\n\n<h2 class=\"wp-block-heading\">Lesungen (Auswahl)<\/h2>\n\n\n\n<p>Literaturhaus Hamburg Literaturzentrum 24. Oktober 2017<br>\u00d6BV-Buchhandlung Wien 15. M\u00e4rz 2011<br>LiteraturQuartier21, Lesereihe im Museumsquartier (Barocksuiten) Wien 27. Februar 2010 <br>Volkstheater Wien Rauchsalon Juni 2005<\/p>\n\n\n\n<h2 class=\"wp-block-heading\">Journalistin<\/h2>\n\n\n\n<p>2000-2008 <a rel=\"noreferrer noopener\" href=\"https:\/\/www.berliner-zeitung.de\/\" target=\"_blank\">Berliner Zeitung<\/a>, Der Standard Wien, Salzburger Nachrichten, S\u00fcddeutsche Zeitung<br>&#8211; Reportagen &amp; Portr\u00e4ts \/ Kultur &amp; Politik \/ Schwerpunkt Frankreich \/ Interviews mit Katharina von Bismarck, Ingrid Caven, Agota Kristof, Bernard-Henry L\u00e9vy, Michel Onfray, Atiq Rahimi, Jean-Jacques Schuhl, Margarethe von Trotta, etc.<br>Artikel-Auswahl:<br><em>Der Peter-Pan- Komplex<\/em>, Interview mit Michel Onfray \u00fcber Nicolas Sarkozy, Berliner Zeitung, M\u00e4rz 2008<br><em>J wie Josephine<\/em>, Interview mit Brian Baker, Berliner Zeitung, Oktober 2007<br><em>Der Himmel \u00fcber Berlin, <\/em>Portr\u00e4ts von Deutschen in Paris, Berliner Zeitung, Juli 2005<br><em>Es ist alles gold was gl\u00e4nzt, <\/em>Portr\u00e4t vom Innenarchitekten Jacques Garcia, Berliner Zeitung, Januar 2005<br><em>Nicht rebellisch, gut erzogen,<\/em> Portr\u00e4t der Elitestudenten in HEC, Berliner Zeitung, Dezember 2004<br><em>Die Esel und die Stiere<\/em>, Interview mit Marc Chagalls Sohn David McNeil, Berliner Zeitung, Mai 2004<br><em>Der Picasso der P\u00e2tisserie,<\/em> Portr\u00e4t von Pierre Herm\u00e9, Berliner Zeitung, Dezember 2003<br><em>Die Mafia der Heiligen Krieger,<\/em> Interview mit Bernard-Henri L\u00e9vy, Berliner Zeitung, November 2003<br><em>Das Gesetz der Rache<\/em>, Interview mit Atiq Rahimi, Berliner Zeitung, August 2003<br><em>Liebe ist viel h\u00e4rter,<\/em> Interview mit Jugendlichen in Berlin, Berliner Zeitung, April 2002<br><em>Der K\u00f6nig von Amerika<\/em> , Peter Stephan Jungk, Buchkritik, S\u00fcddeutsche Zeitung, Januar 2002<br><em>Die dritte L\u00fcge, <\/em>Portr\u00e4t von Agota Kristof, Berliner Zeitung, November 2001<br><em>Da liegt der Hund begraben, <\/em>Reportage \u00fcber Belle Epoque Hundefriedhof, Der Standard Album, Oktober 2001<br><em>Ich finde kaum noch Spielkameraden, <\/em>Interview mit I. Caven und J.J. Schuhl, Berliner Zeitung, September 2001<br><em>Ich war in Entenhausen, <\/em>Disney, eine bedeutende Figur des 20. Jahrhunderts, Der Standard, September 2001<br><em>Das kranke Spiel mit der Sehnsucht, <\/em>Interview mit Fr\u00e9d\u00e9ric Beigbeder, Berliner Zeitung, Mai 2001<br><em>Kunst und K\u00fche, <\/em>Portr\u00e4t des Malers und Sammlers Jacob Pins in Jerusalem, Berliner Zeitung, M\u00e4rz 2001<br><em>Ich bin der Armut verm\u00e4hlt,<\/em> zum 100. Todestag von Oscar Wilde, Der Standard, November 2000&nbsp;&nbsp;&nbsp;&nbsp;&nbsp;&nbsp;&nbsp;&nbsp;&nbsp;&nbsp;&nbsp;&nbsp; <br><em>Das Gesicht der Stradivari, <\/em>Portr\u00e4t des Geigenbauers Etienne Vatelot, Berliner Zeitung, August 2000<em>&nbsp;&nbsp;&nbsp;&nbsp;&nbsp;&nbsp;<\/em><br><em>Vincents Bruder Theo, <\/em>Portr\u00e4t der Van Gogh Br\u00fcder, Salzburger Nachrichten, Dezember 1999<br><em>Leben in der Platte &#8211;&nbsp; <\/em>Architektur und Alltagskultur der DDR, Salzburger Nachrichten, Oktober 1999<br><em>Wie geisterhaft im Sinken, <\/em>Portr\u00e4t von Robert Walser, Salzburger Nachrichten, Februar 1996<\/p>\n\n\n\n<h2 class=\"wp-block-heading\">\u00dcbersetzerin<\/h2>\n\n\n\n<p>&#8211; Technische \u00dcbersetzungen u.a. f\u00fcr die EU-Kommission \/ People TV, Dokumentarfilme \u2013 UIC, OLAF)<br>&#8211; Simultan\u00fcbersetzungen f\u00fcr die Rothschild &amp; Co Bank, WAZ-Media Gruppe, Eurovox<br>&#8211; Literatur\u00fcbersetzungen : u.a. Drehb\u00fccher der Produktion <a rel=\"noreferrer noopener\" href=\"https:\/\/www.unifrance.org\/annuaires\/societe\/82108\/les-films-du-lendemain\" target=\"_blank\">Les films du lendemain<\/a>: <em>Ne fais pas \u00e7a\/Lass das sein<\/em> von Philippe Djian &amp; Luc Bondy, <em><a rel=\"noreferrer noopener\" href=\"https:\/\/fr.wikipedia.org\/wiki\/Terre_et_Cendres_(film)\" target=\"_blank\">Terre et cendre<\/a>\/Erde und Asche&nbsp;<\/em>von Atiq Rahimi<br>&#8211; TV: \u00dcbersetzung bei Dreharbeiten, Mitarbeit beim Film von Hilde Lerman: <em>Sophie von Wittelsbach<\/em>&nbsp;(Dokumentation) Produktion: 2001 BR<br>&#8211; \u00dcbersetzung sowie journalistische Vorbereitung des Kolloquiums <em>Agrarindustrie der Zukunft<\/em>: Nachhaltige L\u00f6sungen f\u00fcr Menschen, Regionen und Umwelt, Metz 2011<\/p>\n\n\n\n<h2 class=\"wp-block-heading\">Schauspielerin<\/h2>\n\n\n\n<h5 class=\"wp-block-heading\"><strong>Kino<\/strong><\/h5>\n\n\n\n<p><em>Die Sieger<\/em>, Regie: Dominik Graf<br><em>Benny\u2019s Video<\/em>, Regie: Michael Haneke<\/p>\n\n\n\n<h5 class=\"wp-block-heading\"><strong>Kurzfilme<\/strong><\/h5>\n\n\n\n<p><em>Das n\u00e4chtliche Bankett<\/em>, Regie: Stefanie Schulte-Krude<br><em>Verfolgungsjagd<\/em>, Regie: Karin Macher<\/p>\n\n\n\n<h5 class=\"wp-block-heading\"><strong>&nbsp;T<\/strong>V<\/h5>\n\n\n\n<p><em>Plan\u00e8te sans visa<\/em>, Regie: Alain Lasfargues. ARTE<br><em>Eine Frau startet durch<\/em>, Regie: Thomas Nennstiel. SAT 1<br><em>Kabelsalat<\/em>, Regie: Werner Siebert. ZDF<br><em>B\u00f6se Zungen<\/em>, Regie: Werner Siebert. ZDF<br><em>Ich lass mich scheiden<\/em>, Regie: Werner Siebert. ZDF<br><em>Carmen von nebenan<\/em>, Regie: Werner Siebert. ZDF<br><em>Tierarzt Dr. Engel<\/em>, Regie: Werner Masten. TV-Serie. ZDF<br><em>Vivir a limite<\/em>, Regie:&nbsp; Michael Gutmann. PRO 7<br><em>Die Nacht hat siebzehn Stunden<\/em>, Regie: Diethard Klante. ZDF<br><em>T\u00f6dliche Hochzeit<\/em>, Regie: Martin Enlen. ZDF<br><em>Die Fremde<\/em>, Hauptrolle, Regie: Diethard Klante. ZDF<br><em>Peter Strohm &#8211; Freunde<\/em>, Regie: Diethard Klante. ARD<br><em>Notturno<\/em>, Regie: Georg Jenisch. Rezitation. Domaine de La Cotencie, Isabelle von Karajan, Saint Felix de Mareuil, Frankreich<\/p>\n\n\n\n<h5 class=\"wp-block-heading\"><strong>Theater<\/strong><\/h5>\n\n\n\n<p><em>As you like it, <\/em>Shakespeare, Regie: Roger Croucher. MRS Theater Wien<br><em>Elektra<\/em>, Hugo von Hofmannsthal, Regie: A.M. Krassnigg. MRS Theater Wien<br><em>Brecht-Theater-Revue<\/em> im Schloss Sch\u00f6nbrunn Wien<br><em>Ein Phoenix zu viel<\/em>, Christopher Fry, Regie: Irene Stein, MRS Theater Wien<br><em>Die Bettleroper<\/em>, John Gay, Regie: Eva Teilmans, Theater Reutlingen, Gastspiel im Gef\u00e4ngnis Stammheim<br><em>Drei Stationen St\u00fcck,<\/em> C. Velan, Regie: A.M. Krassnigg. WUK Theater Wien<\/p>\n\n\n\n<h2 class=\"wp-block-heading\">Sprecherin<\/h2>\n\n\n\n<p>Les Editions du Pekinois, Lernmethoden f\u00fcr Schweden, D\u00e4nemark, Finnland<br>Arte TV<br>Eurosport<br>People TV, Dokumentarfilme f\u00fcr EU-Kommission<br>Knockin&#8217;boots productions, Synchron von Videospielen<br>Chinkel production, Synchron von Zeichentrickfilmen<br>Volkswagen Corporate Communication, Genf und Frankfurt<\/p>\n\n\n\n<h2 class=\"wp-block-heading\">Schauspiel-Coach<\/h2>\n\n\n\n<p><em>Les femmes de l&#8217;ombre<\/em>, Regie: Jean-Paul Salom\u00e9 (Kino 2008)<\/p>\n\n\n\n<h2 class=\"wp-block-heading\">Coach und Kommunikationstrainerin<\/h2>\n\n\n\n<p>Coach und Kommunikationstrainerin f\u00fcr Manager und leitende F\u00fchrungskr\u00e4fte, weltweit auf Englisch, Franz\u00f6sisch, Deutsch. Gruppen- und Einzel-Coachings: Storytelling, Art and Techniques of Communication, Public Speaking, Effective Presentations. F\u00fcr u.a. AEW International, Agence Fran\u00e7aise de D\u00e9veloppement, Allianz, Alstom, Ansys, ARC, Axa, BMW Group, Cr\u00e9dit Agricole CIB, Citeo, Criteo, Dassault Syst\u00e8mes, &nbsp;EPEX SPOT, Group Accor, Groupe M, Metlife, Micropole, Natixis, Peugeot, Publicis Group, Renault, Sanofi, Solvay, SuperGrid Institute<\/p>\n","protected":false},"excerpt":{"rendered":"<p>geboren in Marseille, aufgewachsen in Frankreich und Deutschland Studium \/ Ausbildung Ludwig-Maximilians-Universit\u00e4t, Studium der Germanistik (Literatur, Medi\u00e4vistik, Linguistik), Theater- und Kommunikationswissenschaften, M\u00fcnchenL\u2019Express, Praktikum, ParisMagister Artium, Diplomarbeit: \u201eRobert Walser, das Prinzip des Dienens\u201cMax Reinhardt Theater, Schauspielstudium, Hochschule f\u00fcr Musik und darstellende Kunst, WienMchat Theater, Meisterklasse von Oleg Tabakov, MoskauMozarteum, Schauspielstudium, Hochschule f\u00fcr Musik und darstellende Kunst, [&hellip;]<\/p>\n","protected":false},"author":1,"featured_media":0,"parent":0,"menu_order":0,"comment_status":"closed","ping_status":"closed","template":"","meta":{"footnotes":""},"class_list":["post-75","page","type-page","status-publish","hentry","no-featured-image"],"_links":{"self":[{"href":"https:\/\/christinevelan.com\/index.php\/wp-json\/wp\/v2\/pages\/75","targetHints":{"allow":["GET"]}}],"collection":[{"href":"https:\/\/christinevelan.com\/index.php\/wp-json\/wp\/v2\/pages"}],"about":[{"href":"https:\/\/christinevelan.com\/index.php\/wp-json\/wp\/v2\/types\/page"}],"author":[{"embeddable":true,"href":"https:\/\/christinevelan.com\/index.php\/wp-json\/wp\/v2\/users\/1"}],"replies":[{"embeddable":true,"href":"https:\/\/christinevelan.com\/index.php\/wp-json\/wp\/v2\/comments?post=75"}],"version-history":[{"count":74,"href":"https:\/\/christinevelan.com\/index.php\/wp-json\/wp\/v2\/pages\/75\/revisions"}],"predecessor-version":[{"id":683,"href":"https:\/\/christinevelan.com\/index.php\/wp-json\/wp\/v2\/pages\/75\/revisions\/683"}],"wp:attachment":[{"href":"https:\/\/christinevelan.com\/index.php\/wp-json\/wp\/v2\/media?parent=75"}],"curies":[{"name":"wp","href":"https:\/\/api.w.org\/{rel}","templated":true}]}}