{"id":76,"date":"2018-11-22T21:25:05","date_gmt":"2018-11-22T20:25:05","guid":{"rendered":"http:\/\/christinevelan.com\/?page_id=76"},"modified":"2023-04-09T12:29:02","modified_gmt":"2023-04-09T10:29:02","slug":"pressestimmen","status":"publish","type":"page","link":"https:\/\/christinevelan.com\/index.php\/pressestimmen\/","title":{"rendered":"Pressestimmen"},"content":{"rendered":"\n<p><strong>zum Roman \u201eDer blinde Fleck\u201c <\/strong><\/p>\n\n\n\n<p><em>\u201eChristine Velans \u201eDer blinde Fleck\u201c ist ein Entwicklungsroman, der nicht mit<\/em> <em>R\u00fchrseligkeit, sondern mit H\u00e4rte punktet.\u201c<\/em> <br>Wiener Journal, 24.06.2011<\/p>\n\n\n\n<p class=\"has-text-align-left\"><em>\u201eDie Dialoge der Dramatikerin Christine Velan [sind] von verst\u00f6render Pr\u00e4gnanz.\u201c<\/em>&nbsp;&nbsp;<br>Daniela Strigl, <a rel=\"noreferrer noopener\" href=\"http:\/\/derstandard.at\/1308679612957\/Die-Farbe-der-Unschuld\" target=\"_blank\">Der Standard, 25.06.2011<\/a><\/p>\n\n\n\n<p><em>\u201eEin wuchtiger, gro\u00dfartig erz\u00e4hlter Roman \u00fcber die gedankenlos grausame Selbstsucht von Erwachsenen und die Einsamkeit eines Kindes.\u201c<\/em><br>Franziska Becker, Emma Sept 2011<\/p>\n\n\n\n<p><em>\u201eGro\u00dfe Strahlkraft: Die Dramatikerin Christine Velan legt mit \u201eDer blinde Fleck\u201c [\u2026] einen atmosph\u00e4risch dichten, klugen Roman \u00fcber eine Mutter-Tochter-Beziehung vor.\u201c<\/em><br>Madame, Heft 10\/2011<\/p>\n\n\n\n<p><em>\u201eEin spannender Roman, der \u00fcberzeugend in der Sprache und aus der Sicht des Kindes geschrieben ist. Das erm\u00f6glicht Velan, einen ungezwungenen, fast naiven Blick auf die Welt der Erwachsenen zu werfen.\u201c<\/em><br>Adelgundis Hovestadt, Buchprofile\/Medienprofile Jg. 56\/2011, Heft 4<\/p>\n\n\n\n<p><em>\u201eEin bemerkenswerter Roman, der zum Nachdenken anregt und die \u00dcberlegung nahelegt, wie sorglos wir mit unseren eigenen Kindern umgehen und was wir ihnen alles zumuten und aufhalsen. Unbedingt lesen!\u201c<\/em><br>Ilse H\u00fcbner bn.bibliotheksnachrichten, 2\/2011<\/p>\n\n\n\n<p><em>\u201eIhr Gesp\u00fcr f\u00fcr treffende Dialoge hat Christine Velan, die bisher vor allem als Dramatikerin in Erscheinung trat, auch in ihrem ersten ver\u00f6ffentlichten Roman bewiesen.<\/em>&#8222;<br>Norbert Mayer, Die Presse am Sonntag, 24.04.11<\/p>\n\n\n\n<p><em>\u201eDer spr\u00f6de Blick des Kindes f\u00e4ngt die der b\u00fcrgerlichen Kleinfamilie immanenten Absurdit\u00e4ten in aller Deutlichkeit ein und l\u00e4sst trotz der dichten und problembeladenen Thematik auch schmunzeln.\u201c&nbsp;&nbsp;&nbsp;&nbsp;&nbsp;&nbsp;&nbsp;&nbsp;&nbsp;&nbsp;&nbsp;&nbsp;&nbsp;&nbsp;&nbsp;&nbsp;&nbsp;&nbsp;&nbsp;&nbsp;&nbsp;&nbsp;&nbsp;&nbsp;&nbsp;&nbsp;&nbsp;&nbsp;&nbsp;&nbsp;&nbsp;&nbsp;&nbsp;&nbsp;&nbsp;&nbsp;&nbsp;&nbsp;&nbsp;&nbsp;&nbsp;&nbsp;&nbsp;&nbsp;&nbsp;&nbsp;&nbsp;&nbsp; <\/em>WeiberDiwan, Fr\u00fchjahr \/ Sommer 2011<\/p>\n\n\n\n<p><em>\u201eChristine Velan versteht es gekonnt, die dr\u00fcckende Atmosph\u00e4re kleinlichen Denkens in ihrem ersten Roman darzustellen. [\u2026] Unaufgeregt, aber sehr dicht schildert sie die Entwicklung aus der Perspektive von Louise.\u201c<\/em><br>Tobias Hierl, Buchmedia Magazin Mai 2011<\/p>\n\n\n\n<p><em>\u201eDie erz\u00e4hlende Stimme, Louise, beschreibt die fortschreitende Hilflosigkeit ihrer Mutter und die erstickend beengenden famili\u00e4ren Verh\u00e4ltnisse lakonisch, mit der Leichtigkeit und Unbestechlichkeit des kindlichen Blicks. Der Dramatikerin Christine Velan gelingt es, die atmosph\u00e4rische Dichte ihrer B\u00fchnenwerke in ihrem aufw\u00fchlenden Roman gekonnt umzusetzen.\u201c<\/em>&nbsp;&nbsp;&nbsp;&nbsp;&nbsp;&nbsp;&nbsp;&nbsp;&nbsp;&nbsp;&nbsp;&nbsp;&nbsp;&nbsp;&nbsp;&nbsp;&nbsp;&nbsp;&nbsp;&nbsp;&nbsp;&nbsp;&nbsp;&nbsp;&nbsp;&nbsp;&nbsp;&nbsp;&nbsp;&nbsp;&nbsp;&nbsp;&nbsp;&nbsp;&nbsp;&nbsp;&nbsp;&nbsp;&nbsp;&nbsp;&nbsp;&nbsp;&nbsp;&nbsp;&nbsp;&nbsp;&nbsp;&nbsp;&nbsp;&nbsp;&nbsp;&nbsp;&nbsp;&nbsp;&nbsp;&nbsp;&nbsp;&nbsp;<br>B\u00f6rsenkurier 12.5.2011<\/p>\n\n\n\n<h1 class=\"wp-block-heading\">Pressestimmen<\/h1>\n\n\n\n<p><strong>zum Theaterst\u00fcck \u201eFree Speed\u201c<\/strong><\/p>\n\n\n\n<p><em>Wenn ein Auto die Contenance verliert <br>&nbsp;[&#8230;] Hochkomisch die Urauff\u00fchrung &#8222;Free Speed&#8220; von Christine Velan. Anja Herbertz als dauerfreundliche Stimme eines sprechenden Autos verliert in Thomas Haafs Regie unter dem Ansturm der unm\u00f6glichsten Messe-Kunden, die das Gef\u00e4hrt ausprobieren, sehr witzig die Contenance.<\/em><br>Gabriella Lorenz, Abendzeitung M\u00fcnchen 7.\/8. M\u00e4rz 2009<\/p>\n\n\n\n<p><em>Die Urauff\u00fchrung von Christine Velans &#8222;Free Speed&#8220; ist eine am\u00fcsante Studie \u00fcber die Perversion menschlicher Konsumw\u00fcnsche. Thomas Haaf hat die Geschichte vom sprechendem Messe-Auto und der markenkonform s\u00e4uselnden Aushilfsjobberin sehr sch\u00f6n zugespitzt.<\/em><br>Christine Diller, M\u00fcnchner Merkur 09.03.2009<\/p>\n\n\n\n<p><strong>zum Theaterst\u00fcck &#8222;Gl\u00fcck unter Palme<\/strong>n&#8220;<\/p>\n\n\n\n<p><em>Gelungenes Deb\u00fctwerk von Christine Velan, von einer interessanten Darstellerriege dargeboten.<\/em><br>Montagsloch II, Die R\u00fcckkehr 20. Oktober -10. November 1997<\/p>\n","protected":false},"excerpt":{"rendered":"<p>zum Roman \u201eDer blinde Fleck\u201c \u201eChristine Velans \u201eDer blinde Fleck\u201c ist ein Entwicklungsroman, der nicht mit R\u00fchrseligkeit, sondern mit H\u00e4rte punktet.\u201c Wiener Journal, 24.06.2011 \u201eDie Dialoge der Dramatikerin Christine Velan [sind] von verst\u00f6render Pr\u00e4gnanz.\u201c&nbsp;&nbsp;Daniela Strigl, Der Standard, 25.06.2011 \u201eEin wuchtiger, gro\u00dfartig erz\u00e4hlter Roman \u00fcber die gedankenlos grausame Selbstsucht von Erwachsenen und die Einsamkeit eines Kindes.\u201cFranziska [&hellip;]<\/p>\n","protected":false},"author":3,"featured_media":0,"parent":0,"menu_order":0,"comment_status":"closed","ping_status":"closed","template":"","meta":{"footnotes":""},"class_list":["post-76","page","type-page","status-publish","hentry","no-featured-image"],"_links":{"self":[{"href":"https:\/\/christinevelan.com\/index.php\/wp-json\/wp\/v2\/pages\/76","targetHints":{"allow":["GET"]}}],"collection":[{"href":"https:\/\/christinevelan.com\/index.php\/wp-json\/wp\/v2\/pages"}],"about":[{"href":"https:\/\/christinevelan.com\/index.php\/wp-json\/wp\/v2\/types\/page"}],"author":[{"embeddable":true,"href":"https:\/\/christinevelan.com\/index.php\/wp-json\/wp\/v2\/users\/3"}],"replies":[{"embeddable":true,"href":"https:\/\/christinevelan.com\/index.php\/wp-json\/wp\/v2\/comments?post=76"}],"version-history":[{"count":25,"href":"https:\/\/christinevelan.com\/index.php\/wp-json\/wp\/v2\/pages\/76\/revisions"}],"predecessor-version":[{"id":666,"href":"https:\/\/christinevelan.com\/index.php\/wp-json\/wp\/v2\/pages\/76\/revisions\/666"}],"wp:attachment":[{"href":"https:\/\/christinevelan.com\/index.php\/wp-json\/wp\/v2\/media?parent=76"}],"curies":[{"name":"wp","href":"https:\/\/api.w.org\/{rel}","templated":true}]}}